{"id":52,"date":"2023-09-12T13:30:14","date_gmt":"2023-09-12T13:30:14","guid":{"rendered":"https:\/\/www.ammetal.cz\/?page_id=52"},"modified":"2023-10-05T10:45:31","modified_gmt":"2023-10-05T10:45:31","slug":"ammetal-home","status":"publish","type":"page","link":"https:\/\/www.ammetal.cz\/","title":{"rendered":"ammetal-home"},"content":{"rendered":"\t\t<div data-elementor-type=\"wp-page\" data-elementor-id=\"52\" class=\"elementor elementor-52\" data-elementor-post-type=\"page\">\n\t\t\t\t<div class=\"elementor-element elementor-element-3e2ee2b e-con-full e-flex e-con e-parent\" data-id=\"3e2ee2b\" data-element_type=\"container\">\n\t\t<div class=\"elementor-element elementor-element-ef86711 e-con-full e-flex e-con e-child\" data-id=\"ef86711\" data-element_type=\"container\">\n\t\t\t\t<div class=\"elementor-element elementor-element-4f5a45f elementor-widget__width-initial elementor-widget elementor-widget-heading\" data-id=\"4f5a45f\" data-element_type=\"widget\" data-widget_type=\"heading.default\">\n\t\t\t\t<div class=\"elementor-widget-container\">\n\t\t\t\t\t<h2 class=\"elementor-heading-title elementor-size-default\">Komplexn\u00ed <span style=\"color:#D4D4D4\">zpracov\u00e1n\u00ed<\/span> plechu<\/h2>\t\t\t\t<\/div>\n\t\t\t\t<\/div>\n\t\t\t\t<\/div>\n\t\t<div class=\"elementor-element elementor-element-e3a03c6 e-con-full e-flex e-con e-child\" data-id=\"e3a03c6\" data-element_type=\"container\">\n\t\t\t\t<div class=\"elementor-element elementor-element-9ff7bb6 elementor-widget__width-initial elementor-widget elementor-widget-heading\" data-id=\"9ff7bb6\" data-element_type=\"widget\" data-widget_type=\"heading.default\">\n\t\t\t\t<div class=\"elementor-widget-container\">\n\t\t\t\t\t<h2 class=\"elementor-heading-title elementor-size-default\">Spole\u010dnost AM-Metal s.r.o. p\u016fsob\u00ed na trhu od roku 2010. Nab\u00edz\u00ed komplexn\u00ed slu\u017eby pro zpracov\u00e1n\u00ed plechu, nerezi a oceli v zak\u00e1zkov\u00e9 i v s\u00e9riov\u00e9 v\u00fdrob\u011b st\u00e1vaj\u00edc\u00edm i nov\u00fdm z\u00e1kazn\u00edk\u016fm.<\/h2>\t\t\t\t<\/div>\n\t\t\t\t<\/div>\n\t\t\t\t<\/div>\n\t\t\t\t<\/div>\n\t\t<div class=\"elementor-element elementor-element-38b8979 e-con-full e-flex e-con e-parent\" data-id=\"38b8979\" data-element_type=\"container\" data-settings=\"{&quot;background_background&quot;:&quot;slideshow&quot;,&quot;background_slideshow_gallery&quot;:[{&quot;id&quot;:126,&quot;url&quot;:&quot;http:\\\/\\\/www.ammetal.cz\\\/wp-content\\\/uploads\\\/2023\\\/09\\\/Plech-podklad3.jpg&quot;},{&quot;id&quot;:127,&quot;url&quot;:&quot;http:\\\/\\\/www.ammetal.cz\\\/wp-content\\\/uploads\\\/2023\\\/09\\\/Plech-podklad2.jpg&quot;},{&quot;id&quot;:125,&quot;url&quot;:&quot;http:\\\/\\\/www.ammetal.cz\\\/wp-content\\\/uploads\\\/2023\\\/09\\\/Plech-podklad1-scaled.jpg&quot;}],&quot;background_slideshow_transition_duration&quot;:5000,&quot;background_slideshow_ken_burns&quot;:&quot;yes&quot;,&quot;background_slideshow_loop&quot;:&quot;yes&quot;,&quot;background_slideshow_slide_duration&quot;:5000,&quot;background_slideshow_slide_transition&quot;:&quot;fade&quot;,&quot;background_slideshow_ken_burns_zoom_direction&quot;:&quot;in&quot;}\">\n\t\t<div class=\"elementor-element elementor-element-a60eb53 e-flex e-con-boxed e-con e-child\" data-id=\"a60eb53\" data-element_type=\"container\">\n\t\t\t\t\t<div class=\"e-con-inner\">\n\t\t\t\t<div class=\"elementor-element elementor-element-d76d610 elementor-widget elementor-widget-counter\" data-id=\"d76d610\" data-element_type=\"widget\" data-widget_type=\"counter.default\">\n\t\t\t\t<div class=\"elementor-widget-container\">\n\t\t\t\t\t\t\t<div class=\"elementor-counter\">\n\t\t\t<div class=\"elementor-counter-title\">realizac\u00ed<\/div>\t\t\t<div class=\"elementor-counter-number-wrapper\">\n\t\t\t\t<span class=\"elementor-counter-number-prefix\"><\/span>\n\t\t\t\t<span class=\"elementor-counter-number\" data-duration=\"2000\" data-to-value=\"13260\" data-from-value=\"0\" data-delimiter=\".\">0<\/span>\n\t\t\t\t<span class=\"elementor-counter-number-suffix\"><\/span>\n\t\t\t<\/div>\n\t\t<\/div>\n\t\t\t\t\t\t<\/div>\n\t\t\t\t<\/div>\n\t\t\t\t<div class=\"elementor-element elementor-element-2f8e037 elementor-widget elementor-widget-text-editor\" data-id=\"2f8e037\" data-element_type=\"widget\" data-widget_type=\"text-editor.default\">\n\t\t\t\t<div class=\"elementor-widget-container\">\n\t\t\t\t\t\t\t\t\t<p>\u0158\u00edzen\u00ed v\u00fdroby u n\u00e1s prob\u00edh\u00e1 pomoc\u00ed syst\u00e9mu eMistr \u2013 V\u00fdroba online.<\/p><p><br \/>Sou\u010d\u00e1st\u00ed v\u00fdrobn\u00edho procesu jsou konstruk\u010dn\u00ed pr\u00e1ce, mont\u00e1\u017en\u00ed pr\u00e1ce a kontrola kvality. V oblasti konstruk\u010dn\u00edch prac\u00ed jsme schopni zajistit model i v\u00fdkresovou dokumentaci. Pracujeme se softwary jako Solid Edge, JetCam aj.<\/p><p><br \/>Povrchov\u00e9 \u00fapravy zaji\u0161\u0165uj\u00ed na\u0161i spolehliv\u00ed dodavatel\u00e9.<\/p><p><br \/>Dod\u00e1vky k z\u00e1kazn\u00edk\u016fm jsme schopni zabezpe\u010dit vlastn\u00ed dopravou.<\/p><p><br \/>Zakl\u00e1d\u00e1me si na kvalit\u011b a jsme hrd\u00fdmi dr\u017eiteli certifikace ISO 9001.<\/p>\t\t\t\t\t\t\t\t<\/div>\n\t\t\t\t<\/div>\n\t\t\t\t\t<\/div>\n\t\t\t\t<\/div>\n\t\t\t\t<\/div>\n\t\t\t\t<\/div>\n\t\t","protected":false},"excerpt":{"rendered":"<p>Komplexn\u00ed zpracov\u00e1n\u00ed plechu Spole\u010dnost AM-Metal s.r.o. p\u016fsob\u00ed na trhu od roku 2010. Nab\u00edz\u00ed komplexn\u00ed slu\u017eby pro zpracov\u00e1n\u00ed plechu, nerezi a oceli v zak\u00e1zkov\u00e9 i v s\u00e9riov\u00e9 v\u00fdrob\u011b st\u00e1vaj\u00edc\u00edm i nov\u00fdm z\u00e1kazn\u00edk\u016fm. 0 realizac\u00ed \u0158\u00edzen\u00ed v\u00fdroby u n\u00e1s prob\u00edh\u00e1 pomoc\u00ed syst\u00e9mu eMistr \u2013 V\u00fdroba online. Sou\u010d\u00e1st\u00ed v\u00fdrobn\u00edho procesu jsou konstruk\u010dn\u00ed pr\u00e1ce, mont\u00e1\u017en\u00ed pr\u00e1ce a kontrola kvality. [&hellip;]<\/p>\n","protected":false},"author":1,"featured_media":0,"parent":0,"menu_order":0,"comment_status":"closed","ping_status":"closed","template":"elementor_header_footer","meta":{"footnotes":""},"class_list":["post-52","page","type-page","status-publish","hentry"],"_links":{"self":[{"href":"https:\/\/www.ammetal.cz\/index.php?rest_route=\/wp\/v2\/pages\/52","targetHints":{"allow":["GET"]}}],"collection":[{"href":"https:\/\/www.ammetal.cz\/index.php?rest_route=\/wp\/v2\/pages"}],"about":[{"href":"https:\/\/www.ammetal.cz\/index.php?rest_route=\/wp\/v2\/types\/page"}],"author":[{"embeddable":true,"href":"https:\/\/www.ammetal.cz\/index.php?rest_route=\/wp\/v2\/users\/1"}],"replies":[{"embeddable":true,"href":"https:\/\/www.ammetal.cz\/index.php?rest_route=%2Fwp%2Fv2%2Fcomments&post=52"}],"version-history":[{"count":127,"href":"https:\/\/www.ammetal.cz\/index.php?rest_route=\/wp\/v2\/pages\/52\/revisions"}],"predecessor-version":[{"id":619,"href":"https:\/\/www.ammetal.cz\/index.php?rest_route=\/wp\/v2\/pages\/52\/revisions\/619"}],"wp:attachment":[{"href":"https:\/\/www.ammetal.cz\/index.php?rest_route=%2Fwp%2Fv2%2Fmedia&parent=52"}],"curies":[{"name":"wp","href":"https:\/\/api.w.org\/{rel}","templated":true}]}}